{"id":1235,"date":"2019-07-29T06:16:21","date_gmt":"2019-07-29T06:16:21","guid":{"rendered":"https:\/\/incola.sjdigitaldemo.ovh\/?page_id=1235"},"modified":"2023-03-08T10:47:45","modified_gmt":"2023-03-08T09:47:45","slug":"identidad-2-2","status":"publish","type":"page","link":"https:\/\/redincola.org\/en\/identidad-2-2\/","title":{"rendered":"Networking"},"content":{"rendered":"\t\t<div data-elementor-type=\"wp-post\" data-elementor-id=\"1235\" class=\"elementor elementor-1235 elementor-340\" data-elementor-post-type=\"page\">\n\t\t\t\t\t\t<section class=\"elementor-section elementor-top-section elementor-element elementor-element-41bc33ec elementor-section-height-min-height elementor-section-boxed elementor-section-height-default elementor-section-items-middle\" data-id=\"41bc33ec\" data-element_type=\"section\" data-e-type=\"section\" data-settings=\"{&quot;background_background&quot;:&quot;classic&quot;,&quot;shape_divider_bottom&quot;:&quot;mountains&quot;}\">\n\t\t\t\t\t\t\t<div class=\"elementor-background-overlay\"><\/div>\n\t\t\t\t\t\t<div class=\"elementor-shape elementor-shape-bottom\" aria-hidden=\"true\" data-negative=\"false\">\n\t\t\t<svg xmlns=\"http:\/\/www.w3.org\/2000\/svg\" viewBox=\"0 0 1000 100\" preserveAspectRatio=\"none\">\n\t<path class=\"elementor-shape-fill\" opacity=\"0.33\" d=\"M473,67.3c-203.9,88.3-263.1-34-320.3,0C66,119.1,0,59.7,0,59.7V0h1000v59.7 c0,0-62.1,26.1-94.9,29.3c-32.8,3.3-62.8-12.3-75.8-22.1C806,49.6,745.3,8.7,694.9,4.7S492.4,59,473,67.3z\"\/>\n\t<path class=\"elementor-shape-fill\" opacity=\"0.66\" d=\"M734,67.3c-45.5,0-77.2-23.2-129.1-39.1c-28.6-8.7-150.3-10.1-254,39.1 s-91.7-34.4-149.2,0C115.7,118.3,0,39.8,0,39.8V0h1000v36.5c0,0-28.2-18.5-92.1-18.5C810.2,18.1,775.7,67.3,734,67.3z\"\/>\n\t<path class=\"elementor-shape-fill\" d=\"M766.1,28.9c-200-57.5-266,65.5-395.1,19.5C242,1.8,242,5.4,184.8,20.6C128,35.8,132.3,44.9,89.9,52.5C28.6,63.7,0,0,0,0 h1000c0,0-9.9,40.9-83.6,48.1S829.6,47,766.1,28.9z\"\/>\n<\/svg>\t\t<\/div>\n\t\t\t\t\t<div class=\"elementor-container elementor-column-gap-default\">\n\t\t\t\t\t<div class=\"elementor-column elementor-col-100 elementor-top-column elementor-element elementor-element-399cbaf6\" data-id=\"399cbaf6\" data-element_type=\"column\" data-e-type=\"column\">\n\t\t\t<div class=\"elementor-widget-wrap\">\n\t\t\t\t\t\t\t<\/div>\n\t\t<\/div>\n\t\t\t\t\t<\/div>\n\t\t<\/section>\n\t\t\t\t<section class=\"elementor-section elementor-top-section elementor-element elementor-element-4399814c elementor-section-height-min-height elementor-section-boxed elementor-section-height-default elementor-section-items-middle\" data-id=\"4399814c\" data-element_type=\"section\" data-e-type=\"section\">\n\t\t\t\t\t\t\t<div class=\"elementor-background-overlay\"><\/div>\n\t\t\t\t\t\t\t<div class=\"elementor-container elementor-column-gap-default\">\n\t\t\t\t\t<div class=\"elementor-column elementor-col-100 elementor-top-column elementor-element elementor-element-63e95bcc\" data-id=\"63e95bcc\" data-element_type=\"column\" data-e-type=\"column\">\n\t\t\t<div class=\"elementor-widget-wrap elementor-element-populated\">\n\t\t\t\t\t\t<div class=\"elementor-element elementor-element-30561599 elementor-widget elementor-widget-heading\" data-id=\"30561599\" data-element_type=\"widget\" data-e-type=\"widget\" data-widget_type=\"heading.default\">\n\t\t\t\t<div class=\"elementor-widget-container\">\n\t\t\t\t\t<h3 class=\"elementor-heading-title elementor-size-default\">networking<\/h3>\t\t\t\t<\/div>\n\t\t\t\t<\/div>\n\t\t\t\t<div class=\"elementor-element elementor-element-5e2cf04e elementor-widget-divider--view-line elementor-widget elementor-widget-divider\" data-id=\"5e2cf04e\" data-element_type=\"widget\" data-e-type=\"widget\" data-widget_type=\"divider.default\">\n\t\t\t\t<div class=\"elementor-widget-container\">\n\t\t\t\t\t\t\t<div class=\"elementor-divider\">\n\t\t\t<span class=\"elementor-divider-separator\">\n\t\t\t\t\t\t<\/span>\n\t\t<\/div>\n\t\t\t\t\t\t<\/div>\n\t\t\t\t<\/div>\n\t\t\t\t<section class=\"elementor-section elementor-inner-section elementor-element elementor-element-1a6bd68a elementor-section-boxed elementor-section-height-default elementor-section-height-default\" data-id=\"1a6bd68a\" data-element_type=\"section\" data-e-type=\"section\">\n\t\t\t\t\t\t<div class=\"elementor-container elementor-column-gap-default\">\n\t\t\t\t\t<div class=\"elementor-column elementor-col-50 elementor-inner-column elementor-element elementor-element-2ef19522\" data-id=\"2ef19522\" data-element_type=\"column\" data-e-type=\"column\">\n\t\t\t<div class=\"elementor-widget-wrap elementor-element-populated\">\n\t\t\t\t\t\t<div class=\"elementor-element elementor-element-1bac788d elementor-widget elementor-widget-image\" data-id=\"1bac788d\" data-element_type=\"widget\" data-e-type=\"widget\" data-widget_type=\"image.default\">\n\t\t\t\t<div class=\"elementor-widget-container\">\n\t\t\t\t\t\t\t\t\t\t\t\t\t\t\t<img decoding=\"async\" src=\"https:\/\/redincola.org\/wp-content\/uploads\/2019\/07\/clarisse-croset-tikpxRBcsA-unsplash-1.jpg\" title=\"\" alt=\"\" class=\"elementor-animation-hang\" loading=\"lazy\" \/>\t\t\t\t\t\t\t\t\t\t\t\t\t\t\t<\/div>\n\t\t\t\t<\/div>\n\t\t\t\t\t<\/div>\n\t\t<\/div>\n\t\t\t\t<div class=\"elementor-column elementor-col-50 elementor-inner-column elementor-element elementor-element-3a4f962f\" data-id=\"3a4f962f\" data-element_type=\"column\" data-e-type=\"column\" data-settings=\"{&quot;background_background&quot;:&quot;classic&quot;}\">\n\t\t\t<div class=\"elementor-widget-wrap elementor-element-populated\">\n\t\t\t\t\t\t<div class=\"elementor-element elementor-element-5faafb7e elementor-widget elementor-widget-text-editor\" data-id=\"5faafb7e\" data-element_type=\"widget\" data-e-type=\"widget\" data-widget_type=\"text-editor.default\">\n\t\t\t\t<div class=\"elementor-widget-container\">\n\t\t\t\t\t\t\t\t\t<p>Networking is a fundamental value of the Incola Network Foundation, a way of being and feeling our mission.<\/p>\n<p>Fundaci\u00f3n Red \u00cdncola works in coordination with platforms and networks, focusing on joint collaboration to innovate processes and create cooperation synergies.<\/p>\n\t\t\t\t\t\t\t\t<\/div>\n\t\t\t\t<\/div>\n\t\t\t\t\t<\/div>\n\t\t<\/div>\n\t\t\t\t\t<\/div>\n\t\t<\/section>\n\t\t\t\t\t<\/div>\n\t\t<\/div>\n\t\t\t\t\t<\/div>\n\t\t<\/section>\n\t\t\t\t<section class=\"elementor-section elementor-top-section elementor-element elementor-element-33dbffb5 elementor-section-full_width elementor-section-height-default elementor-section-height-default\" data-id=\"33dbffb5\" data-element_type=\"section\" data-e-type=\"section\">\n\t\t\t\t\t\t<div class=\"elementor-container elementor-column-gap-default\">\n\t\t\t\t\t<div class=\"elementor-column elementor-col-100 elementor-top-column elementor-element elementor-element-731b8dd9\" data-id=\"731b8dd9\" data-element_type=\"column\" data-e-type=\"column\">\n\t\t\t<div class=\"elementor-widget-wrap elementor-element-populated\">\n\t\t\t\t\t\t<div class=\"elementor-element elementor-element-8fc4245 elementor-widget__width-initial elementor-widget-mobile__width-initial elementor-position-top elementor-widget elementor-widget-image-box\" data-id=\"8fc4245\" data-element_type=\"widget\" data-e-type=\"widget\" data-widget_type=\"image-box.default\">\n\t\t\t\t<div class=\"elementor-widget-container\">\n\t\t\t\t\t<div class=\"elementor-image-box-wrapper\"><figure class=\"elementor-image-box-img\"><img decoding=\"async\" src=\"https:\/\/redincola.org\/wp-content\/uploads\/elementor\/thumbs\/centro-integral-de-inmigrcio\u0301n-obh09x2sewgou055e5khbqmv0kva5v2889yoc7x514.png\" title=\"centro-integral-de-inmigrcio\u0301n\" alt=\"centro-integral-de-inmigrcio\u0301n\" loading=\"lazy\" \/><\/figure><div class=\"elementor-image-box-content\"><h3 class=\"elementor-image-box-title\">Centro Integral de Inmigraci\u00f3n<\/h3><\/div><\/div>\t\t\t\t<\/div>\n\t\t\t\t<\/div>\n\t\t\t\t<div class=\"elementor-element elementor-element-e3aa5a9 elementor-widget__width-initial elementor-widget-mobile__width-initial elementor-position-top elementor-widget elementor-widget-image-box\" data-id=\"e3aa5a9\" data-element_type=\"widget\" data-e-type=\"widget\" data-widget_type=\"image-box.default\">\n\t\t\t\t<div class=\"elementor-widget-container\">\n\t\t\t\t\t<div class=\"elementor-image-box-wrapper\"><figure class=\"elementor-image-box-img\"><a href=\"http:\/\/www.eapncastillayleon.es\/\" target=\"_blank\" tabindex=\"-1\"><img fetchpriority=\"high\" decoding=\"async\" width=\"800\" height=\"800\" src=\"https:\/\/redincola.org\/wp-content\/uploads\/2019\/07\/eapn.png\" class=\"attachment-full size-full wp-image-348\" alt=\"\" srcset=\"https:\/\/redincola.org\/wp-content\/uploads\/2019\/07\/eapn.png 800w, https:\/\/redincola.org\/wp-content\/uploads\/2019\/07\/eapn-150x150.png 150w, https:\/\/redincola.org\/wp-content\/uploads\/2019\/07\/eapn-300x300.png 300w, https:\/\/redincola.org\/wp-content\/uploads\/2019\/07\/eapn-768x768.png 768w\" sizes=\"(max-width: 800px) 100vw, 800px\" \/><\/a><\/figure><div class=\"elementor-image-box-content\"><h3 class=\"elementor-image-box-title\"><a href=\"http:\/\/www.eapncastillayleon.es\/\" target=\"_blank\">EAPN Castilla y Le\u00f3n<\/a><\/h3><\/div><\/div>\t\t\t\t<\/div>\n\t\t\t\t<\/div>\n\t\t\t\t<div class=\"elementor-element elementor-element-6a9082a elementor-widget__width-initial elementor-widget-mobile__width-initial elementor-position-top elementor-widget elementor-widget-image-box\" data-id=\"6a9082a\" data-element_type=\"widget\" data-e-type=\"widget\" data-widget_type=\"image-box.default\">\n\t\t\t\t<div class=\"elementor-widget-container\">\n\t\t\t\t\t<div class=\"elementor-image-box-wrapper\"><figure class=\"elementor-image-box-img\"><a href=\"https:\/\/sjme.org\/\" target=\"_blank\" tabindex=\"-1\"><img decoding=\"async\" width=\"3094\" height=\"1047\" src=\"https:\/\/redincola.org\/wp-content\/uploads\/2021\/02\/logo-SJM-DEF-01.png\" class=\"attachment-full size-full wp-image-3060\" alt=\"\" srcset=\"https:\/\/redincola.org\/wp-content\/uploads\/2021\/02\/logo-SJM-DEF-01.png 3094w, https:\/\/redincola.org\/wp-content\/uploads\/2021\/02\/logo-SJM-DEF-01-300x102.png 300w, https:\/\/redincola.org\/wp-content\/uploads\/2021\/02\/logo-SJM-DEF-01-1024x347.png 1024w, https:\/\/redincola.org\/wp-content\/uploads\/2021\/02\/logo-SJM-DEF-01-768x260.png 768w, https:\/\/redincola.org\/wp-content\/uploads\/2021\/02\/logo-SJM-DEF-01-1536x520.png 1536w, https:\/\/redincola.org\/wp-content\/uploads\/2021\/02\/logo-SJM-DEF-01-2048x693.png 2048w\" sizes=\"(max-width: 3094px) 100vw, 3094px\" \/><\/a><\/figure><div class=\"elementor-image-box-content\"><h3 class=\"elementor-image-box-title\"><a href=\"https:\/\/sjme.org\/\" target=\"_blank\">Jesuit Migrant Service-Spain<\/a><\/h3><\/div><\/div>\t\t\t\t<\/div>\n\t\t\t\t<\/div>\n\t\t\t\t<div class=\"elementor-element elementor-element-7aaba7d elementor-widget__width-initial elementor-widget-mobile__width-initial elementor-position-top elementor-widget elementor-widget-image-box\" data-id=\"7aaba7d\" data-element_type=\"widget\" data-e-type=\"widget\" data-widget_type=\"image-box.default\">\n\t\t\t\t<div class=\"elementor-widget-container\">\n\t\t\t\t\t<div class=\"elementor-image-box-wrapper\"><figure class=\"elementor-image-box-img\"><a href=\"http:\/\/www.voluntariadovalladolid.org\/\" target=\"_blank\" tabindex=\"-1\"><img decoding=\"async\" width=\"800\" height=\"800\" src=\"https:\/\/redincola.org\/wp-content\/uploads\/2019\/07\/pvvs.png\" class=\"attachment-full size-full wp-image-350\" alt=\"\" srcset=\"https:\/\/redincola.org\/wp-content\/uploads\/2019\/07\/pvvs.png 800w, https:\/\/redincola.org\/wp-content\/uploads\/2019\/07\/pvvs-150x150.png 150w, https:\/\/redincola.org\/wp-content\/uploads\/2019\/07\/pvvs-300x300.png 300w, https:\/\/redincola.org\/wp-content\/uploads\/2019\/07\/pvvs-768x768.png 768w\" sizes=\"(max-width: 800px) 100vw, 800px\" \/><\/a><\/figure><div class=\"elementor-image-box-content\"><h3 class=\"elementor-image-box-title\"><a href=\"http:\/\/www.voluntariadovalladolid.org\/\" target=\"_blank\">Vallisoletana Platform for Social Volunteering<\/a><\/h3><\/div><\/div>\t\t\t\t<\/div>\n\t\t\t\t<\/div>\n\t\t\t\t<div class=\"elementor-element elementor-element-e2b869b elementor-widget__width-initial elementor-widget-mobile__width-initial elementor-position-top elementor-widget elementor-widget-image-box\" data-id=\"e2b869b\" data-element_type=\"widget\" data-e-type=\"widget\" data-widget_type=\"image-box.default\">\n\t\t\t\t<div class=\"elementor-widget-container\">\n\t\t\t\t\t<div class=\"elementor-image-box-wrapper\"><figure class=\"elementor-image-box-img\"><a href=\"http:\/\/www.tierradesabor.es\/saborsocial\" target=\"_blank\" tabindex=\"-1\"><img loading=\"lazy\" decoding=\"async\" width=\"800\" height=\"800\" src=\"https:\/\/redincola.org\/wp-content\/uploads\/2019\/07\/logos-sabor-social.png\" class=\"attachment-full size-full wp-image-351\" alt=\"\" srcset=\"https:\/\/redincola.org\/wp-content\/uploads\/2019\/07\/logos-sabor-social.png 800w, https:\/\/redincola.org\/wp-content\/uploads\/2019\/07\/logos-sabor-social-150x150.png 150w, https:\/\/redincola.org\/wp-content\/uploads\/2019\/07\/logos-sabor-social-300x300.png 300w, https:\/\/redincola.org\/wp-content\/uploads\/2019\/07\/logos-sabor-social-768x768.png 768w\" sizes=\"(max-width: 800px) 100vw, 800px\" \/><\/a><\/figure><div class=\"elementor-image-box-content\"><h3 class=\"elementor-image-box-title\"><a href=\"http:\/\/www.tierradesabor.es\/saborsocial\" target=\"_blank\">Tierra de Sabor - Sabor Social<\/a><\/h3><\/div><\/div>\t\t\t\t<\/div>\n\t\t\t\t<\/div>\n\t\t\t\t<div class=\"elementor-element elementor-element-44a91a2 elementor-widget__width-initial elementor-widget-mobile__width-initial elementor-position-top elementor-widget elementor-widget-image-box\" data-id=\"44a91a2\" data-element_type=\"widget\" data-e-type=\"widget\" data-widget_type=\"image-box.default\">\n\t\t\t\t<div class=\"elementor-widget-container\">\n\t\t\t\t\t<div class=\"elementor-image-box-wrapper\"><figure class=\"elementor-image-box-img\"><a href=\"https:\/\/sjvalladolid.org\" target=\"_blank\" tabindex=\"-1\"><img loading=\"lazy\" decoding=\"async\" width=\"800\" height=\"800\" src=\"https:\/\/redincola.org\/wp-content\/uploads\/2019\/07\/pal.png\" class=\"attachment-full size-full wp-image-352\" alt=\"\" srcset=\"https:\/\/redincola.org\/wp-content\/uploads\/2019\/07\/pal.png 800w, https:\/\/redincola.org\/wp-content\/uploads\/2019\/07\/pal-150x150.png 150w, https:\/\/redincola.org\/wp-content\/uploads\/2019\/07\/pal-300x300.png 300w, https:\/\/redincola.org\/wp-content\/uploads\/2019\/07\/pal-768x768.png 768w\" sizes=\"(max-width: 800px) 100vw, 800px\" \/><\/a><\/figure><div class=\"elementor-image-box-content\"><h3 class=\"elementor-image-box-title\"><a href=\"https:\/\/sjvalladolid.org\" target=\"_blank\">PAL Jesuits<\/a><\/h3><\/div><\/div>\t\t\t\t<\/div>\n\t\t\t\t<\/div>\n\t\t\t\t<div class=\"elementor-element elementor-element-13ff719 elementor-widget__width-initial elementor-widget-mobile__width-initial elementor-position-top elementor-widget elementor-widget-image-box\" data-id=\"13ff719\" data-element_type=\"widget\" data-e-type=\"widget\" data-widget_type=\"image-box.default\">\n\t\t\t\t<div class=\"elementor-widget-container\">\n\t\t\t\t\t<div class=\"elementor-image-box-wrapper\"><figure class=\"elementor-image-box-img\"><img loading=\"lazy\" decoding=\"async\" width=\"800\" height=\"800\" src=\"https:\/\/redincola.org\/wp-content\/uploads\/2019\/07\/nucleo-valladolid.png\" class=\"attachment-full size-full wp-image-353\" alt=\"\" srcset=\"https:\/\/redincola.org\/wp-content\/uploads\/2019\/07\/nucleo-valladolid.png 800w, https:\/\/redincola.org\/wp-content\/uploads\/2019\/07\/nucleo-valladolid-150x150.png 150w, https:\/\/redincola.org\/wp-content\/uploads\/2019\/07\/nucleo-valladolid-300x300.png 300w, https:\/\/redincola.org\/wp-content\/uploads\/2019\/07\/nucleo-valladolid-768x768.png 768w\" sizes=\"(max-width: 800px) 100vw, 800px\" \/><\/figure><div class=\"elementor-image-box-content\"><h3 class=\"elementor-image-box-title\">Compa\u00f1\u00eda de Mar\u00eda - N\u00facleo Valladolid<\/h3><\/div><\/div>\t\t\t\t<\/div>\n\t\t\t\t<\/div>\n\t\t\t\t<div class=\"elementor-element elementor-element-10a2955 elementor-widget__width-initial elementor-widget-mobile__width-initial elementor-position-top elementor-widget elementor-widget-image-box\" data-id=\"10a2955\" data-element_type=\"widget\" data-e-type=\"widget\" data-widget_type=\"image-box.default\">\n\t\t\t\t<div class=\"elementor-widget-container\">\n\t\t\t\t\t<div class=\"elementor-image-box-wrapper\"><figure class=\"elementor-image-box-img\"><img loading=\"lazy\" decoding=\"async\" width=\"800\" height=\"800\" src=\"https:\/\/redincola.org\/wp-content\/uploads\/2019\/07\/csv.png\" class=\"attachment-full size-full wp-image-354\" alt=\"\" srcset=\"https:\/\/redincola.org\/wp-content\/uploads\/2019\/07\/csv.png 800w, https:\/\/redincola.org\/wp-content\/uploads\/2019\/07\/csv-150x150.png 150w, https:\/\/redincola.org\/wp-content\/uploads\/2019\/07\/csv-300x300.png 300w, https:\/\/redincola.org\/wp-content\/uploads\/2019\/07\/csv-768x768.png 768w\" sizes=\"(max-width: 800px) 100vw, 800px\" \/><\/figure><div class=\"elementor-image-box-content\"><h3 class=\"elementor-image-box-title\">Circles of Silence Valladolid<\/h3><\/div><\/div>\t\t\t\t<\/div>\n\t\t\t\t<\/div>\n\t\t\t\t\t<\/div>\n\t\t<\/div>\n\t\t\t\t\t<\/div>\n\t\t<\/section>\n\t\t\t\t<\/div>\n\t\t","protected":false},"excerpt":{"rendered":"<p>networking Networking is a fundamental value of the Incola Network Foundation, a way of being and feeling our mission. Fundaci\u00f3n Red \u00cdncola works in coordination with platforms and networks, focusing on joint collaboration to innovate processes and create cooperation synergies. Centro Integral de Inmigraci\u00f3n EAPN Castilla y Le\u00f3n Jesuit Migrant Service-Spain Vallisoletana Platform for Social [&hellip;]<\/p>\n","protected":false},"author":1,"featured_media":0,"parent":0,"menu_order":0,"comment_status":"closed","ping_status":"closed","template":"","meta":{"footnotes":""},"class_list":["post-1235","page","type-page","status-publish","hentry"],"yoast_head":"<!-- This site is optimized with the Yoast SEO plugin v27.3 - https:\/\/yoast.com\/product\/yoast-seo-wordpress\/ -->\n<title>Networking - Red \u00cdncola<\/title>\n<meta name=\"robots\" content=\"index, follow, max-snippet:-1, max-image-preview:large, max-video-preview:-1\" \/>\n<link rel=\"canonical\" href=\"https:\/\/redincola.org\/en\/identidad-2-2\/\" \/>\n<meta property=\"og:locale\" content=\"en_US\" \/>\n<meta property=\"og:type\" content=\"article\" \/>\n<meta property=\"og:title\" content=\"Networking - Red \u00cdncola\" \/>\n<meta property=\"og:description\" content=\"networking Networking is a fundamental value of the Incola Network Foundation, a way of being and feeling our mission. Fundaci\u00f3n Red \u00cdncola works in coordination with platforms and networks, focusing on joint collaboration to innovate processes and create cooperation synergies. Centro Integral de Inmigraci\u00f3n EAPN Castilla y Le\u00f3n Jesuit Migrant Service-Spain Vallisoletana Platform for Social [&hellip;]\" \/>\n<meta property=\"og:url\" content=\"https:\/\/redincola.org\/en\/identidad-2-2\/\" \/>\n<meta property=\"og:site_name\" content=\"Red \u00cdncola\" \/>\n<meta property=\"article:modified_time\" content=\"2023-03-08T09:47:45+00:00\" \/>\n<meta property=\"og:image\" content=\"https:\/\/redincola.org\/wp-content\/uploads\/2019\/07\/clarisse-croset-tikpxRBcsA-unsplash-1.jpg\" \/>\n<meta name=\"twitter:card\" content=\"summary_large_image\" \/>\n<script type=\"application\/ld+json\" class=\"yoast-schema-graph\">{\"@context\":\"https:\\\/\\\/schema.org\",\"@graph\":[{\"@type\":\"WebPage\",\"@id\":\"https:\\\/\\\/redincola.org\\\/en\\\/identidad-2-2\\\/\",\"url\":\"https:\\\/\\\/redincola.org\\\/en\\\/identidad-2-2\\\/\",\"name\":\"Networking - Red \u00cdncola\",\"isPartOf\":{\"@id\":\"https:\\\/\\\/redincola.org\\\/#website\"},\"primaryImageOfPage\":{\"@id\":\"https:\\\/\\\/redincola.org\\\/en\\\/identidad-2-2\\\/#primaryimage\"},\"image\":{\"@id\":\"https:\\\/\\\/redincola.org\\\/en\\\/identidad-2-2\\\/#primaryimage\"},\"thumbnailUrl\":\"https:\\\/\\\/redincola.org\\\/wp-content\\\/uploads\\\/2019\\\/07\\\/clarisse-croset-tikpxRBcsA-unsplash-1.jpg\",\"datePublished\":\"2019-07-29T06:16:21+00:00\",\"dateModified\":\"2023-03-08T09:47:45+00:00\",\"breadcrumb\":{\"@id\":\"https:\\\/\\\/redincola.org\\\/en\\\/identidad-2-2\\\/#breadcrumb\"},\"inLanguage\":\"en-US\",\"potentialAction\":[{\"@type\":\"ReadAction\",\"target\":[\"https:\\\/\\\/redincola.org\\\/en\\\/identidad-2-2\\\/\"]}]},{\"@type\":\"ImageObject\",\"inLanguage\":\"en-US\",\"@id\":\"https:\\\/\\\/redincola.org\\\/en\\\/identidad-2-2\\\/#primaryimage\",\"url\":\"https:\\\/\\\/redincola.org\\\/wp-content\\\/uploads\\\/2019\\\/07\\\/clarisse-croset-tikpxRBcsA-unsplash-1.jpg\",\"contentUrl\":\"https:\\\/\\\/redincola.org\\\/wp-content\\\/uploads\\\/2019\\\/07\\\/clarisse-croset-tikpxRBcsA-unsplash-1.jpg\"},{\"@type\":\"BreadcrumbList\",\"@id\":\"https:\\\/\\\/redincola.org\\\/en\\\/identidad-2-2\\\/#breadcrumb\",\"itemListElement\":[{\"@type\":\"ListItem\",\"position\":1,\"name\":\"Portada\",\"item\":\"https:\\\/\\\/redincola.org\\\/\"},{\"@type\":\"ListItem\",\"position\":2,\"name\":\"Networking\"}]},{\"@type\":\"WebSite\",\"@id\":\"https:\\\/\\\/redincola.org\\\/#website\",\"url\":\"https:\\\/\\\/redincola.org\\\/\",\"name\":\"Red \u00cdncola\",\"description\":\"nos inspira el humanismo cristiano\",\"publisher\":{\"@id\":\"https:\\\/\\\/redincola.org\\\/#organization\"},\"potentialAction\":[{\"@type\":\"SearchAction\",\"target\":{\"@type\":\"EntryPoint\",\"urlTemplate\":\"https:\\\/\\\/redincola.org\\\/?s={search_term_string}\"},\"query-input\":{\"@type\":\"PropertyValueSpecification\",\"valueRequired\":true,\"valueName\":\"search_term_string\"}}],\"inLanguage\":\"en-US\"},{\"@type\":\"Organization\",\"@id\":\"https:\\\/\\\/redincola.org\\\/#organization\",\"name\":\"Red \u00cdncola\",\"url\":\"https:\\\/\\\/redincola.org\\\/\",\"logo\":{\"@type\":\"ImageObject\",\"inLanguage\":\"en-US\",\"@id\":\"https:\\\/\\\/redincola.org\\\/#\\\/schema\\\/logo\\\/image\\\/\",\"url\":\"https:\\\/\\\/redincola.org\\\/wp-content\\\/uploads\\\/2019\\\/07\\\/logo-fundacio\u0301n-red-incola.png\",\"contentUrl\":\"https:\\\/\\\/redincola.org\\\/wp-content\\\/uploads\\\/2019\\\/07\\\/logo-fundacio\u0301n-red-incola.png\",\"width\":800,\"height\":145,\"caption\":\"Red \u00cdncola\"},\"image\":{\"@id\":\"https:\\\/\\\/redincola.org\\\/#\\\/schema\\\/logo\\\/image\\\/\"}}]}<\/script>\n<!-- \/ Yoast SEO plugin. -->","yoast_head_json":{"title":"Networking - Red \u00cdncola","robots":{"index":"index","follow":"follow","max-snippet":"max-snippet:-1","max-image-preview":"max-image-preview:large","max-video-preview":"max-video-preview:-1"},"canonical":"https:\/\/redincola.org\/en\/identidad-2-2\/","og_locale":"en_US","og_type":"article","og_title":"Networking - Red \u00cdncola","og_description":"networking Networking is a fundamental value of the Incola Network Foundation, a way of being and feeling our mission. Fundaci\u00f3n Red \u00cdncola works in coordination with platforms and networks, focusing on joint collaboration to innovate processes and create cooperation synergies. Centro Integral de Inmigraci\u00f3n EAPN Castilla y Le\u00f3n Jesuit Migrant Service-Spain Vallisoletana Platform for Social [&hellip;]","og_url":"https:\/\/redincola.org\/en\/identidad-2-2\/","og_site_name":"Red \u00cdncola","article_modified_time":"2023-03-08T09:47:45+00:00","og_image":[{"url":"https:\/\/redincola.org\/wp-content\/uploads\/2019\/07\/clarisse-croset-tikpxRBcsA-unsplash-1.jpg","type":"","width":"","height":""}],"twitter_card":"summary_large_image","schema":{"@context":"https:\/\/schema.org","@graph":[{"@type":"WebPage","@id":"https:\/\/redincola.org\/en\/identidad-2-2\/","url":"https:\/\/redincola.org\/en\/identidad-2-2\/","name":"Networking - Red \u00cdncola","isPartOf":{"@id":"https:\/\/redincola.org\/#website"},"primaryImageOfPage":{"@id":"https:\/\/redincola.org\/en\/identidad-2-2\/#primaryimage"},"image":{"@id":"https:\/\/redincola.org\/en\/identidad-2-2\/#primaryimage"},"thumbnailUrl":"https:\/\/redincola.org\/wp-content\/uploads\/2019\/07\/clarisse-croset-tikpxRBcsA-unsplash-1.jpg","datePublished":"2019-07-29T06:16:21+00:00","dateModified":"2023-03-08T09:47:45+00:00","breadcrumb":{"@id":"https:\/\/redincola.org\/en\/identidad-2-2\/#breadcrumb"},"inLanguage":"en-US","potentialAction":[{"@type":"ReadAction","target":["https:\/\/redincola.org\/en\/identidad-2-2\/"]}]},{"@type":"ImageObject","inLanguage":"en-US","@id":"https:\/\/redincola.org\/en\/identidad-2-2\/#primaryimage","url":"https:\/\/redincola.org\/wp-content\/uploads\/2019\/07\/clarisse-croset-tikpxRBcsA-unsplash-1.jpg","contentUrl":"https:\/\/redincola.org\/wp-content\/uploads\/2019\/07\/clarisse-croset-tikpxRBcsA-unsplash-1.jpg"},{"@type":"BreadcrumbList","@id":"https:\/\/redincola.org\/en\/identidad-2-2\/#breadcrumb","itemListElement":[{"@type":"ListItem","position":1,"name":"Portada","item":"https:\/\/redincola.org\/"},{"@type":"ListItem","position":2,"name":"Networking"}]},{"@type":"WebSite","@id":"https:\/\/redincola.org\/#website","url":"https:\/\/redincola.org\/","name":"Red \u00cdncola","description":"nos inspira el humanismo cristiano","publisher":{"@id":"https:\/\/redincola.org\/#organization"},"potentialAction":[{"@type":"SearchAction","target":{"@type":"EntryPoint","urlTemplate":"https:\/\/redincola.org\/?s={search_term_string}"},"query-input":{"@type":"PropertyValueSpecification","valueRequired":true,"valueName":"search_term_string"}}],"inLanguage":"en-US"},{"@type":"Organization","@id":"https:\/\/redincola.org\/#organization","name":"Red \u00cdncola","url":"https:\/\/redincola.org\/","logo":{"@type":"ImageObject","inLanguage":"en-US","@id":"https:\/\/redincola.org\/#\/schema\/logo\/image\/","url":"https:\/\/redincola.org\/wp-content\/uploads\/2019\/07\/logo-fundacio\u0301n-red-incola.png","contentUrl":"https:\/\/redincola.org\/wp-content\/uploads\/2019\/07\/logo-fundacio\u0301n-red-incola.png","width":800,"height":145,"caption":"Red \u00cdncola"},"image":{"@id":"https:\/\/redincola.org\/#\/schema\/logo\/image\/"}}]}},"_links":{"self":[{"href":"https:\/\/redincola.org\/en\/wp-json\/wp\/v2\/pages\/1235","targetHints":{"allow":["GET"]}}],"collection":[{"href":"https:\/\/redincola.org\/en\/wp-json\/wp\/v2\/pages"}],"about":[{"href":"https:\/\/redincola.org\/en\/wp-json\/wp\/v2\/types\/page"}],"author":[{"embeddable":true,"href":"https:\/\/redincola.org\/en\/wp-json\/wp\/v2\/users\/1"}],"replies":[{"embeddable":true,"href":"https:\/\/redincola.org\/en\/wp-json\/wp\/v2\/comments?post=1235"}],"version-history":[{"count":4,"href":"https:\/\/redincola.org\/en\/wp-json\/wp\/v2\/pages\/1235\/revisions"}],"predecessor-version":[{"id":6032,"href":"https:\/\/redincola.org\/en\/wp-json\/wp\/v2\/pages\/1235\/revisions\/6032"}],"wp:attachment":[{"href":"https:\/\/redincola.org\/en\/wp-json\/wp\/v2\/media?parent=1235"}],"curies":[{"name":"wp","href":"https:\/\/api.w.org\/{rel}","templated":true}]}}