{"id":6051,"date":"2023-03-08T11:52:44","date_gmt":"2023-03-08T10:52:44","guid":{"rendered":"https:\/\/redincola.org\/board-of-trustees\/"},"modified":"2025-02-26T15:30:12","modified_gmt":"2025-02-26T14:30:12","slug":"board-of-trustees","status":"publish","type":"page","link":"https:\/\/redincola.org\/en\/board-of-trustees\/","title":{"rendered":"Board of Trustees"},"content":{"rendered":"\t\t<div data-elementor-type=\"wp-post\" data-elementor-id=\"6051\" class=\"elementor elementor-6051 elementor-290\" data-elementor-post-type=\"page\">\n\t\t\t\t\t\t<section class=\"elementor-section elementor-top-section elementor-element elementor-element-41bc33ec elementor-section-height-min-height elementor-section-boxed elementor-section-height-default elementor-section-items-middle\" data-id=\"41bc33ec\" data-element_type=\"section\" data-e-type=\"section\" data-settings=\"{&quot;background_background&quot;:&quot;classic&quot;,&quot;shape_divider_bottom&quot;:&quot;mountains&quot;}\">\n\t\t\t\t\t\t\t<div class=\"elementor-background-overlay\"><\/div>\n\t\t\t\t\t\t<div class=\"elementor-shape elementor-shape-bottom\" aria-hidden=\"true\" data-negative=\"false\">\n\t\t\t<svg xmlns=\"http:\/\/www.w3.org\/2000\/svg\" viewBox=\"0 0 1000 100\" preserveAspectRatio=\"none\">\n\t<path class=\"elementor-shape-fill\" opacity=\"0.33\" d=\"M473,67.3c-203.9,88.3-263.1-34-320.3,0C66,119.1,0,59.7,0,59.7V0h1000v59.7 c0,0-62.1,26.1-94.9,29.3c-32.8,3.3-62.8-12.3-75.8-22.1C806,49.6,745.3,8.7,694.9,4.7S492.4,59,473,67.3z\"\/>\n\t<path class=\"elementor-shape-fill\" opacity=\"0.66\" d=\"M734,67.3c-45.5,0-77.2-23.2-129.1-39.1c-28.6-8.7-150.3-10.1-254,39.1 s-91.7-34.4-149.2,0C115.7,118.3,0,39.8,0,39.8V0h1000v36.5c0,0-28.2-18.5-92.1-18.5C810.2,18.1,775.7,67.3,734,67.3z\"\/>\n\t<path class=\"elementor-shape-fill\" d=\"M766.1,28.9c-200-57.5-266,65.5-395.1,19.5C242,1.8,242,5.4,184.8,20.6C128,35.8,132.3,44.9,89.9,52.5C28.6,63.7,0,0,0,0 h1000c0,0-9.9,40.9-83.6,48.1S829.6,47,766.1,28.9z\"\/>\n<\/svg>\t\t<\/div>\n\t\t\t\t\t<div class=\"elementor-container elementor-column-gap-default\">\n\t\t\t\t\t<div class=\"elementor-column elementor-col-100 elementor-top-column elementor-element elementor-element-399cbaf6\" data-id=\"399cbaf6\" data-element_type=\"column\" data-e-type=\"column\">\n\t\t\t<div class=\"elementor-widget-wrap\">\n\t\t\t\t\t\t\t<\/div>\n\t\t<\/div>\n\t\t\t\t\t<\/div>\n\t\t<\/section>\n\t\t\t\t<section class=\"elementor-section elementor-top-section elementor-element elementor-element-4399814c elementor-section-height-min-height elementor-section-boxed elementor-section-height-default elementor-section-items-middle\" data-id=\"4399814c\" data-element_type=\"section\" data-e-type=\"section\">\n\t\t\t\t\t\t\t<div class=\"elementor-background-overlay\"><\/div>\n\t\t\t\t\t\t\t<div class=\"elementor-container elementor-column-gap-default\">\n\t\t\t\t\t<div class=\"elementor-column elementor-col-100 elementor-top-column elementor-element elementor-element-63e95bcc\" data-id=\"63e95bcc\" data-element_type=\"column\" data-e-type=\"column\">\n\t\t\t<div class=\"elementor-widget-wrap elementor-element-populated\">\n\t\t\t\t\t\t<div class=\"elementor-element elementor-element-30561599 elementor-widget elementor-widget-heading\" data-id=\"30561599\" data-element_type=\"widget\" data-e-type=\"widget\" data-widget_type=\"heading.default\">\n\t\t\t\t<div class=\"elementor-widget-container\">\n\t\t\t\t\t<h3 class=\"elementor-heading-title elementor-size-default\">PATRONAGE<\/h3>\t\t\t\t<\/div>\n\t\t\t\t<\/div>\n\t\t\t\t<div class=\"elementor-element elementor-element-5e2cf04e elementor-widget-divider--view-line elementor-widget elementor-widget-divider\" data-id=\"5e2cf04e\" data-element_type=\"widget\" data-e-type=\"widget\" data-widget_type=\"divider.default\">\n\t\t\t\t<div class=\"elementor-widget-container\">\n\t\t\t\t\t\t\t<div class=\"elementor-divider\">\n\t\t\t<span class=\"elementor-divider-separator\">\n\t\t\t\t\t\t<\/span>\n\t\t<\/div>\n\t\t\t\t\t\t<\/div>\n\t\t\t\t<\/div>\n\t\t\t\t<section class=\"elementor-section elementor-inner-section elementor-element elementor-element-1a6bd68a elementor-section-boxed elementor-section-height-default elementor-section-height-default\" data-id=\"1a6bd68a\" data-element_type=\"section\" data-e-type=\"section\">\n\t\t\t\t\t\t<div class=\"elementor-container elementor-column-gap-default\">\n\t\t\t\t\t<div class=\"elementor-column elementor-col-50 elementor-inner-column elementor-element elementor-element-2ef19522\" data-id=\"2ef19522\" data-element_type=\"column\" data-e-type=\"column\">\n\t\t\t<div class=\"elementor-widget-wrap elementor-element-populated\">\n\t\t\t\t\t\t<div class=\"elementor-element elementor-element-1bac788d elementor-widget elementor-widget-image\" data-id=\"1bac788d\" data-element_type=\"widget\" data-e-type=\"widget\" data-widget_type=\"image.default\">\n\t\t\t\t<div class=\"elementor-widget-container\">\n\t\t\t\t\t\t\t\t\t\t\t\t\t\t\t<img fetchpriority=\"high\" decoding=\"async\" width=\"1920\" height=\"1280\" src=\"https:\/\/redincola.org\/wp-content\/uploads\/2019\/07\/patronato.jpg\" class=\"elementor-animation-hang attachment-full size-full wp-image-1234\" alt=\"\" srcset=\"https:\/\/redincola.org\/wp-content\/uploads\/2019\/07\/patronato.jpg 1920w, https:\/\/redincola.org\/wp-content\/uploads\/2019\/07\/patronato-300x200.jpg 300w, https:\/\/redincola.org\/wp-content\/uploads\/2019\/07\/patronato-768x512.jpg 768w, https:\/\/redincola.org\/wp-content\/uploads\/2019\/07\/patronato-1024x683.jpg 1024w\" sizes=\"(max-width: 1920px) 100vw, 1920px\" \/>\t\t\t\t\t\t\t\t\t\t\t\t\t\t\t<\/div>\n\t\t\t\t<\/div>\n\t\t\t\t\t<\/div>\n\t\t<\/div>\n\t\t\t\t<div class=\"elementor-column elementor-col-50 elementor-inner-column elementor-element elementor-element-3a4f962f\" data-id=\"3a4f962f\" data-element_type=\"column\" data-e-type=\"column\" data-settings=\"{&quot;background_background&quot;:&quot;classic&quot;}\">\n\t\t\t<div class=\"elementor-widget-wrap elementor-element-populated\">\n\t\t\t\t\t\t<div class=\"elementor-element elementor-element-5faafb7e elementor-widget elementor-widget-text-editor\" data-id=\"5faafb7e\" data-element_type=\"widget\" data-e-type=\"widget\" data-widget_type=\"text-editor.default\">\n\t\t\t\t<div class=\"elementor-widget-container\">\n\t\t\t\t\t\t\t\t\t<p>It is the governing and representative body of the Foundation. It is composed of eight representatives of the member entities of the NETWORK. Its objective is to ensure the fulfillment of the Foundation&#8217;s mission, in accordance with the values that define its style and way of being and doing.<\/p>\n\t\t\t\t\t\t\t\t<\/div>\n\t\t\t\t<\/div>\n\t\t\t\t\t<\/div>\n\t\t<\/div>\n\t\t\t\t\t<\/div>\n\t\t<\/section>\n\t\t\t\t\t<\/div>\n\t\t<\/div>\n\t\t\t\t\t<\/div>\n\t\t<\/section>\n\t\t\t\t<section class=\"elementor-section elementor-top-section elementor-element elementor-element-989c6a4 elementor-section-boxed elementor-section-height-default elementor-section-height-default\" data-id=\"989c6a4\" data-element_type=\"section\" data-e-type=\"section\">\n\t\t\t\t\t\t<div class=\"elementor-container elementor-column-gap-default\">\n\t\t\t\t\t<div class=\"elementor-column elementor-col-100 elementor-top-column elementor-element elementor-element-dda1235\" data-id=\"dda1235\" data-element_type=\"column\" data-e-type=\"column\">\n\t\t\t<div class=\"elementor-widget-wrap elementor-element-populated\">\n\t\t\t\t\t\t<div class=\"elementor-element elementor-element-8eff879 max-box-flex elementor-widget__width-auto elementor-position-top elementor-widget elementor-widget-image-box\" data-id=\"8eff879\" data-element_type=\"widget\" data-e-type=\"widget\" data-widget_type=\"image-box.default\">\n\t\t\t\t<div class=\"elementor-widget-container\">\n\t\t\t\t\t<div class=\"elementor-image-box-wrapper\"><figure class=\"elementor-image-box-img\"><a href=\"https:\/\/jesuitas.es\/es\" target=\"_blank\" tabindex=\"-1\"><img decoding=\"async\" src=\"https:\/\/redincola.org\/wp-content\/uploads\/elementor\/thumbs\/jesuitas-obc4adcjjbkqgqvojkun6hrd8vz8hndii847ixp86w.png\" title=\"jesuitas\" alt=\"jesuitas\" loading=\"lazy\" \/><\/a><\/figure><div class=\"elementor-image-box-content\"><h3 class=\"elementor-image-box-title\"><a href=\"https:\/\/jesuitas.es\/es\" target=\"_blank\">The Jesuits<\/a><\/h3><p class=\"elementor-image-box-description\">F\u00e9lix A. Revilla Grande<\/p><\/div><\/div>\t\t\t\t<\/div>\n\t\t\t\t<\/div>\n\t\t\t\t<div class=\"elementor-element elementor-element-ee317bc max-box-flex elementor-widget__width-auto elementor-position-top elementor-widget elementor-widget-image-box\" data-id=\"ee317bc\" data-element_type=\"widget\" data-e-type=\"widget\" data-widget_type=\"image-box.default\">\n\t\t\t\t<div class=\"elementor-widget-container\">\n\t\t\t\t\t<div class=\"elementor-image-box-wrapper\"><figure class=\"elementor-image-box-img\"><a href=\"http:\/\/www.vedruna.org\" target=\"_blank\" tabindex=\"-1\"><img decoding=\"async\" src=\"https:\/\/redincola.org\/wp-content\/uploads\/elementor\/thumbs\/vedrunas-obc4hf4ysl85jgn1dmjwvpptmx8c7xd1h49b3n8xiw.png\" title=\"vedrunas\" alt=\"vedrunas\" loading=\"lazy\" \/><\/a><\/figure><div class=\"elementor-image-box-content\"><h3 class=\"elementor-image-box-title\"><a href=\"http:\/\/www.vedruna.org\" target=\"_blank\">The Vedruna Sisters<\/a><\/h3><p class=\"elementor-image-box-description\">Pilar Olmedo Centeno<\/p><\/div><\/div>\t\t\t\t<\/div>\n\t\t\t\t<\/div>\n\t\t\t\t<div class=\"elementor-element elementor-element-b3f3515 max-box-flex elementor-widget__width-auto elementor-position-top elementor-widget elementor-widget-image-box\" data-id=\"b3f3515\" data-element_type=\"widget\" data-e-type=\"widget\" data-widget_type=\"image-box.default\">\n\t\t\t\t<div class=\"elementor-widget-container\">\n\t\t\t\t\t<div class=\"elementor-image-box-wrapper\"><figure class=\"elementor-image-box-img\"><a href=\"https:\/\/companiademaria.org\/\" target=\"_blank\" tabindex=\"-1\"><img decoding=\"async\" src=\"https:\/\/redincola.org\/wp-content\/uploads\/elementor\/thumbs\/cm-obc4lt1uor8bpy9nrit8ilv9fnm052ry2tuvq4qshk.png\" title=\"cm\" alt=\"cm\" loading=\"lazy\" \/><\/a><\/figure><div class=\"elementor-image-box-content\"><h3 class=\"elementor-image-box-title\"><a href=\"https:\/\/companiademaria.org\/\" target=\"_blank\">The Company of Mary<\/a><\/h3><p class=\"elementor-image-box-description\">Mar\u00eda Ru\u00edz - Clavijo Ponce de Le\u00f3n<\/p><\/div><\/div>\t\t\t\t<\/div>\n\t\t\t\t<\/div>\n\t\t\t\t<div class=\"elementor-element elementor-element-42f719c max-box-flex elementor-widget__width-auto elementor-position-top elementor-widget elementor-widget-image-box\" data-id=\"42f719c\" data-element_type=\"widget\" data-e-type=\"widget\" data-widget_type=\"image-box.default\">\n\t\t\t\t<div class=\"elementor-widget-container\">\n\t\t\t\t\t<div class=\"elementor-image-box-wrapper\"><figure class=\"elementor-image-box-img\"><a href=\"https:\/\/www.religiosasmariainmaculada.org\/es\/\" target=\"_blank\" tabindex=\"-1\"><img decoding=\"async\" src=\"https:\/\/redincola.org\/wp-content\/uploads\/elementor\/thumbs\/rmi-obc4ml90dsaxe94p6v01ler397r0jzvw6pfg4fkzaw.png\" title=\"rmi\" alt=\"rmi\" loading=\"lazy\" \/><\/a><\/figure><div class=\"elementor-image-box-content\"><h3 class=\"elementor-image-box-title\"><a href=\"https:\/\/www.religiosasmariainmaculada.org\/es\/\" target=\"_blank\">Religious of Mary Immaculate<\/a><\/h3><p class=\"elementor-image-box-description\">Adoraci\u00f3n de Corta Moral<\/p><\/div><\/div>\t\t\t\t<\/div>\n\t\t\t\t<\/div>\n\t\t\t\t<div class=\"elementor-element elementor-element-cbb34f3 max-box-flex elementor-widget__width-auto elementor-position-top elementor-widget elementor-widget-image-box\" data-id=\"cbb34f3\" data-element_type=\"widget\" data-e-type=\"widget\" data-widget_type=\"image-box.default\">\n\t\t\t\t<div class=\"elementor-widget-container\">\n\t\t\t\t\t<div class=\"elementor-image-box-wrapper\"><figure class=\"elementor-image-box-img\"><a href=\"http:\/\/www.hijasdelacaridad.net\/index.php\" target=\"_blank\" tabindex=\"-1\"><img decoding=\"async\" src=\"https:\/\/redincola.org\/wp-content\/uploads\/elementor\/thumbs\/hijas-de-la-caridad-obc4ovyt37g5rxsjrur7otvnj4fbdd09u2u6cs6c3c.png\" title=\"hijas-de-la-caridad\" alt=\"hijas-de-la-caridad\" loading=\"lazy\" \/><\/a><\/figure><div class=\"elementor-image-box-content\"><h3 class=\"elementor-image-box-title\"><a href=\"http:\/\/www.hijasdelacaridad.net\/index.php\" target=\"_blank\">The Daughters of Charity<\/a><\/h3><p class=\"elementor-image-box-description\">Felicidad Sacristan<\/p><\/div><\/div>\t\t\t\t<\/div>\n\t\t\t\t<\/div>\n\t\t\t\t<div class=\"elementor-element elementor-element-8f081a0 max-box-flex elementor-widget__width-auto elementor-position-top elementor-widget elementor-widget-image-box\" data-id=\"8f081a0\" data-element_type=\"widget\" data-e-type=\"widget\" data-widget_type=\"image-box.default\">\n\t\t\t\t<div class=\"elementor-widget-container\">\n\t\t\t\t\t<div class=\"elementor-image-box-wrapper\"><figure class=\"elementor-image-box-img\"><a href=\"http:\/\/www.rfilipenses.com\/\" target=\"_blank\" tabindex=\"-1\"><img decoding=\"async\" src=\"https:\/\/redincola.org\/wp-content\/uploads\/elementor\/thumbs\/filipenses-obc4pq1n5wlc3gkuw7r9wmaejgb27obom7pppmxqk8.png\" title=\"filipenses\" alt=\"filipenses\" loading=\"lazy\" \/><\/a><\/figure><div class=\"elementor-image-box-content\"><h3 class=\"elementor-image-box-title\"><a href=\"http:\/\/www.rfilipenses.com\/\" target=\"_blank\">Sisters of St. Philip Neri<\/a><\/h3><p class=\"elementor-image-box-description\">Asunci\u00f3n Alonso Lozano<\/p><\/div><\/div>\t\t\t\t<\/div>\n\t\t\t\t<\/div>\n\t\t\t\t<div class=\"elementor-element elementor-element-88bdc36 max-box-flex elementor-widget__width-auto elementor-position-top elementor-widget elementor-widget-image-box\" data-id=\"88bdc36\" data-element_type=\"widget\" data-e-type=\"widget\" data-widget_type=\"image-box.default\">\n\t\t\t\t<div class=\"elementor-widget-container\">\n\t\t\t\t\t<div class=\"elementor-image-box-wrapper\"><figure class=\"elementor-image-box-img\"><a href=\"https:\/\/institucionteresiana.org\/es\/inicio\/\" target=\"_blank\" tabindex=\"-1\"><img decoding=\"async\" src=\"https:\/\/redincola.org\/wp-content\/uploads\/elementor\/thumbs\/logo-institucio\u0301n-teresiana-obgz4k6fpbuhzo7uw9zfm6cq28pvhavejklk5x8qt4.png\" title=\"logo-institucio\u0301n-teresiana\" alt=\"logo-institucio\u0301n-teresiana\" loading=\"lazy\" \/><\/a><\/figure><div class=\"elementor-image-box-content\"><h3 class=\"elementor-image-box-title\"><a href=\"https:\/\/institucionteresiana.org\/es\/inicio\/\" target=\"_blank\">The Teresian Association<\/a><\/h3><p class=\"elementor-image-box-description\">Isabel Alcubilla Mart\u00edn<\/p><\/div><\/div>\t\t\t\t<\/div>\n\t\t\t\t<\/div>\n\t\t\t\t<div class=\"elementor-element elementor-element-22b9d09 max-box-flex elementor-widget__width-auto elementor-position-top elementor-widget elementor-widget-image-box\" data-id=\"22b9d09\" data-element_type=\"widget\" data-e-type=\"widget\" data-widget_type=\"image-box.default\">\n\t\t\t\t<div class=\"elementor-widget-container\">\n\t\t\t\t\t<div class=\"elementor-image-box-wrapper\"><figure class=\"elementor-image-box-img\"><a href=\"https:\/\/soeursauxiliatrices.org\/\" target=\"_blank\" tabindex=\"-1\"><img decoding=\"async\" src=\"https:\/\/redincola.org\/wp-content\/uploads\/elementor\/thumbs\/logo-hermanas-auxiliadoras-qmsa8f9eb9zuvuz9gt2utk0uvmjm4grldegy2jlj20.png\" title=\"logo-hermanas-auxiliadoras\" alt=\"logo-hermanas-auxiliadoras\" loading=\"lazy\" \/><\/a><\/figure><div class=\"elementor-image-box-content\"><h3 class=\"elementor-image-box-title\"><a href=\"https:\/\/soeursauxiliatrices.org\/\" target=\"_blank\">Auxiliary Sisters<\/a><\/h3><p class=\"elementor-image-box-description\">M\u00aa Luisa San Mart\u00edn Andonegui<\/p><\/div><\/div>\t\t\t\t<\/div>\n\t\t\t\t<\/div>\n\t\t\t\t<div class=\"elementor-element elementor-element-79ae209 max-box-flex elementor-widget__width-auto elementor-position-top elementor-widget elementor-widget-image-box\" data-id=\"79ae209\" data-element_type=\"widget\" data-e-type=\"widget\" data-widget_type=\"image-box.default\">\n\t\t\t\t<div class=\"elementor-widget-container\">\n\t\t\t\t\t<div class=\"elementor-image-box-wrapper\"><figure class=\"elementor-image-box-img\"><img decoding=\"async\" src=\"https:\/\/redincola.org\/wp-content\/uploads\/elementor\/thumbs\/logo-red-incola-obgz9kng5ipjwsxpmfzswwt8480cj6rv8dusb1t5mg.png\" title=\"logo-red-incola\" alt=\"logo-red-incola\" loading=\"lazy\" \/><\/figure><div class=\"elementor-image-box-content\"><h3 class=\"elementor-image-box-title\">Coordination of the Foundation<\/h3><p class=\"elementor-image-box-description\">M\u00aa Eugenia Gonz\u00e1lez Alonso - Lasheras<\/p><\/div><\/div>\t\t\t\t<\/div>\n\t\t\t\t<\/div>\n\t\t\t\t\t<\/div>\n\t\t<\/div>\n\t\t\t\t\t<\/div>\n\t\t<\/section>\n\t\t\t\t<\/div>\n\t\t","protected":false},"excerpt":{"rendered":"<p>PATRONAGE It is the governing and representative body of the Foundation. It is composed of eight representatives of the member entities of the NETWORK. Its objective is to ensure the fulfillment of the Foundation&#8217;s mission, in accordance with the values that define its style and way of being and doing. The Jesuits F\u00e9lix A. Revilla [&hellip;]<\/p>\n","protected":false},"author":1,"featured_media":0,"parent":0,"menu_order":0,"comment_status":"closed","ping_status":"closed","template":"","meta":{"footnotes":""},"class_list":["post-6051","page","type-page","status-publish","hentry"],"yoast_head":"<!-- This site is optimized with the Yoast SEO plugin v27.4 - https:\/\/yoast.com\/product\/yoast-seo-wordpress\/ -->\n<title>Board of Trustees - Red \u00cdncola<\/title>\n<meta name=\"robots\" content=\"index, follow, max-snippet:-1, max-image-preview:large, max-video-preview:-1\" \/>\n<link rel=\"canonical\" href=\"https:\/\/redincola.org\/en\/board-of-trustees\/\" \/>\n<meta property=\"og:locale\" content=\"en_US\" \/>\n<meta property=\"og:type\" content=\"article\" \/>\n<meta property=\"og:title\" content=\"Board of Trustees - Red \u00cdncola\" \/>\n<meta property=\"og:description\" content=\"PATRONAGE It is the governing and representative body of the Foundation. It is composed of eight representatives of the member entities of the NETWORK. Its objective is to ensure the fulfillment of the Foundation&#8217;s mission, in accordance with the values that define its style and way of being and doing. The Jesuits F\u00e9lix A. Revilla [&hellip;]\" \/>\n<meta property=\"og:url\" content=\"https:\/\/redincola.org\/en\/board-of-trustees\/\" \/>\n<meta property=\"og:site_name\" content=\"Red \u00cdncola\" \/>\n<meta property=\"article:modified_time\" content=\"2025-02-26T14:30:12+00:00\" \/>\n<meta property=\"og:image\" content=\"https:\/\/redincola.org\/wp-content\/uploads\/2019\/07\/patronato.jpg\" \/>\n<meta name=\"twitter:card\" content=\"summary_large_image\" \/>\n<meta name=\"twitter:label1\" content=\"Est. reading time\" \/>\n\t<meta name=\"twitter:data1\" content=\"1 minute\" \/>\n<script type=\"application\/ld+json\" class=\"yoast-schema-graph\">{\"@context\":\"https:\\\/\\\/schema.org\",\"@graph\":[{\"@type\":\"WebPage\",\"@id\":\"https:\\\/\\\/redincola.org\\\/en\\\/board-of-trustees\\\/\",\"url\":\"https:\\\/\\\/redincola.org\\\/en\\\/board-of-trustees\\\/\",\"name\":\"Board of Trustees - Red \u00cdncola\",\"isPartOf\":{\"@id\":\"https:\\\/\\\/redincola.org\\\/#website\"},\"primaryImageOfPage\":{\"@id\":\"https:\\\/\\\/redincola.org\\\/en\\\/board-of-trustees\\\/#primaryimage\"},\"image\":{\"@id\":\"https:\\\/\\\/redincola.org\\\/en\\\/board-of-trustees\\\/#primaryimage\"},\"thumbnailUrl\":\"https:\\\/\\\/redincola.org\\\/wp-content\\\/uploads\\\/2019\\\/07\\\/patronato.jpg\",\"datePublished\":\"2023-03-08T10:52:44+00:00\",\"dateModified\":\"2025-02-26T14:30:12+00:00\",\"breadcrumb\":{\"@id\":\"https:\\\/\\\/redincola.org\\\/en\\\/board-of-trustees\\\/#breadcrumb\"},\"inLanguage\":\"en-US\",\"potentialAction\":[{\"@type\":\"ReadAction\",\"target\":[\"https:\\\/\\\/redincola.org\\\/en\\\/board-of-trustees\\\/\"]}]},{\"@type\":\"ImageObject\",\"inLanguage\":\"en-US\",\"@id\":\"https:\\\/\\\/redincola.org\\\/en\\\/board-of-trustees\\\/#primaryimage\",\"url\":\"https:\\\/\\\/redincola.org\\\/wp-content\\\/uploads\\\/2019\\\/07\\\/patronato.jpg\",\"contentUrl\":\"https:\\\/\\\/redincola.org\\\/wp-content\\\/uploads\\\/2019\\\/07\\\/patronato.jpg\"},{\"@type\":\"BreadcrumbList\",\"@id\":\"https:\\\/\\\/redincola.org\\\/en\\\/board-of-trustees\\\/#breadcrumb\",\"itemListElement\":[{\"@type\":\"ListItem\",\"position\":1,\"name\":\"Portada\",\"item\":\"https:\\\/\\\/redincola.org\\\/\"},{\"@type\":\"ListItem\",\"position\":2,\"name\":\"Board of Trustees\"}]},{\"@type\":\"WebSite\",\"@id\":\"https:\\\/\\\/redincola.org\\\/#website\",\"url\":\"https:\\\/\\\/redincola.org\\\/\",\"name\":\"Red \u00cdncola\",\"description\":\"nos inspira el humanismo cristiano\",\"publisher\":{\"@id\":\"https:\\\/\\\/redincola.org\\\/#organization\"},\"potentialAction\":[{\"@type\":\"SearchAction\",\"target\":{\"@type\":\"EntryPoint\",\"urlTemplate\":\"https:\\\/\\\/redincola.org\\\/?s={search_term_string}\"},\"query-input\":{\"@type\":\"PropertyValueSpecification\",\"valueRequired\":true,\"valueName\":\"search_term_string\"}}],\"inLanguage\":\"en-US\"},{\"@type\":\"Organization\",\"@id\":\"https:\\\/\\\/redincola.org\\\/#organization\",\"name\":\"Red \u00cdncola\",\"url\":\"https:\\\/\\\/redincola.org\\\/\",\"logo\":{\"@type\":\"ImageObject\",\"inLanguage\":\"en-US\",\"@id\":\"https:\\\/\\\/redincola.org\\\/#\\\/schema\\\/logo\\\/image\\\/\",\"url\":\"https:\\\/\\\/redincola.org\\\/wp-content\\\/uploads\\\/2019\\\/07\\\/logo-fundacio\u0301n-red-incola.png\",\"contentUrl\":\"https:\\\/\\\/redincola.org\\\/wp-content\\\/uploads\\\/2019\\\/07\\\/logo-fundacio\u0301n-red-incola.png\",\"width\":800,\"height\":145,\"caption\":\"Red \u00cdncola\"},\"image\":{\"@id\":\"https:\\\/\\\/redincola.org\\\/#\\\/schema\\\/logo\\\/image\\\/\"}}]}<\/script>\n<!-- \/ Yoast SEO plugin. -->","yoast_head_json":{"title":"Board of Trustees - Red \u00cdncola","robots":{"index":"index","follow":"follow","max-snippet":"max-snippet:-1","max-image-preview":"max-image-preview:large","max-video-preview":"max-video-preview:-1"},"canonical":"https:\/\/redincola.org\/en\/board-of-trustees\/","og_locale":"en_US","og_type":"article","og_title":"Board of Trustees - Red \u00cdncola","og_description":"PATRONAGE It is the governing and representative body of the Foundation. It is composed of eight representatives of the member entities of the NETWORK. Its objective is to ensure the fulfillment of the Foundation&#8217;s mission, in accordance with the values that define its style and way of being and doing. The Jesuits F\u00e9lix A. Revilla [&hellip;]","og_url":"https:\/\/redincola.org\/en\/board-of-trustees\/","og_site_name":"Red \u00cdncola","article_modified_time":"2025-02-26T14:30:12+00:00","og_image":[{"url":"https:\/\/redincola.org\/wp-content\/uploads\/2019\/07\/patronato.jpg","type":"","width":"","height":""}],"twitter_card":"summary_large_image","twitter_misc":{"Est. reading time":"1 minute"},"schema":{"@context":"https:\/\/schema.org","@graph":[{"@type":"WebPage","@id":"https:\/\/redincola.org\/en\/board-of-trustees\/","url":"https:\/\/redincola.org\/en\/board-of-trustees\/","name":"Board of Trustees - Red \u00cdncola","isPartOf":{"@id":"https:\/\/redincola.org\/#website"},"primaryImageOfPage":{"@id":"https:\/\/redincola.org\/en\/board-of-trustees\/#primaryimage"},"image":{"@id":"https:\/\/redincola.org\/en\/board-of-trustees\/#primaryimage"},"thumbnailUrl":"https:\/\/redincola.org\/wp-content\/uploads\/2019\/07\/patronato.jpg","datePublished":"2023-03-08T10:52:44+00:00","dateModified":"2025-02-26T14:30:12+00:00","breadcrumb":{"@id":"https:\/\/redincola.org\/en\/board-of-trustees\/#breadcrumb"},"inLanguage":"en-US","potentialAction":[{"@type":"ReadAction","target":["https:\/\/redincola.org\/en\/board-of-trustees\/"]}]},{"@type":"ImageObject","inLanguage":"en-US","@id":"https:\/\/redincola.org\/en\/board-of-trustees\/#primaryimage","url":"https:\/\/redincola.org\/wp-content\/uploads\/2019\/07\/patronato.jpg","contentUrl":"https:\/\/redincola.org\/wp-content\/uploads\/2019\/07\/patronato.jpg"},{"@type":"BreadcrumbList","@id":"https:\/\/redincola.org\/en\/board-of-trustees\/#breadcrumb","itemListElement":[{"@type":"ListItem","position":1,"name":"Portada","item":"https:\/\/redincola.org\/"},{"@type":"ListItem","position":2,"name":"Board of Trustees"}]},{"@type":"WebSite","@id":"https:\/\/redincola.org\/#website","url":"https:\/\/redincola.org\/","name":"Red \u00cdncola","description":"nos inspira el humanismo cristiano","publisher":{"@id":"https:\/\/redincola.org\/#organization"},"potentialAction":[{"@type":"SearchAction","target":{"@type":"EntryPoint","urlTemplate":"https:\/\/redincola.org\/?s={search_term_string}"},"query-input":{"@type":"PropertyValueSpecification","valueRequired":true,"valueName":"search_term_string"}}],"inLanguage":"en-US"},{"@type":"Organization","@id":"https:\/\/redincola.org\/#organization","name":"Red \u00cdncola","url":"https:\/\/redincola.org\/","logo":{"@type":"ImageObject","inLanguage":"en-US","@id":"https:\/\/redincola.org\/#\/schema\/logo\/image\/","url":"https:\/\/redincola.org\/wp-content\/uploads\/2019\/07\/logo-fundacio\u0301n-red-incola.png","contentUrl":"https:\/\/redincola.org\/wp-content\/uploads\/2019\/07\/logo-fundacio\u0301n-red-incola.png","width":800,"height":145,"caption":"Red \u00cdncola"},"image":{"@id":"https:\/\/redincola.org\/#\/schema\/logo\/image\/"}}]}},"_links":{"self":[{"href":"https:\/\/redincola.org\/en\/wp-json\/wp\/v2\/pages\/6051","targetHints":{"allow":["GET"]}}],"collection":[{"href":"https:\/\/redincola.org\/en\/wp-json\/wp\/v2\/pages"}],"about":[{"href":"https:\/\/redincola.org\/en\/wp-json\/wp\/v2\/types\/page"}],"author":[{"embeddable":true,"href":"https:\/\/redincola.org\/en\/wp-json\/wp\/v2\/users\/1"}],"replies":[{"embeddable":true,"href":"https:\/\/redincola.org\/en\/wp-json\/wp\/v2\/comments?post=6051"}],"version-history":[{"count":5,"href":"https:\/\/redincola.org\/en\/wp-json\/wp\/v2\/pages\/6051\/revisions"}],"predecessor-version":[{"id":8171,"href":"https:\/\/redincola.org\/en\/wp-json\/wp\/v2\/pages\/6051\/revisions\/8171"}],"wp:attachment":[{"href":"https:\/\/redincola.org\/en\/wp-json\/wp\/v2\/media?parent=6051"}],"curies":[{"name":"wp","href":"https:\/\/api.w.org\/{rel}","templated":true}]}}